{"id":959,"date":"2023-10-31T21:10:39","date_gmt":"2023-10-31T14:10:39","guid":{"rendered":"https:\/\/sang-tao-electronics.vn\/?page_id=959"},"modified":"2023-12-04T18:13:52","modified_gmt":"2023-12-04T11:13:52","slug":"elementor-959","status":"publish","type":"page","link":"https:\/\/sang-tao-electronics.vn\/","title":{"rendered":"TRANG CH?"},"content":{"rendered":"\t\t<div data-elementor-type=\"wp-page\" data-elementor-id=\"959\" class=\"elementor elementor-959\">\n\t\t\t\t<div class=\"elementor-element elementor-element-a2f33a5 e-flex e-con-boxed e-con e-parent\" data-id=\"a2f33a5\" data-element_type=\"container\" data-e-type=\"container\">\n\t\t\t\t\t<div class=\"e-con-inner\">\n\t\t\t\t<div class=\"elementor-element elementor-element-01dde11 e-transform elementor-widget elementor-widget-image\" data-id=\"01dde11\" data-element_type=\"widget\" data-e-type=\"widget\" data-settings=\"{&quot;_transform_translateX_effect&quot;:{&quot;unit&quot;:&quot;px&quot;,&quot;size&quot;:23,&quot;sizes&quot;:[]},&quot;_transform_translateX_effect_tablet&quot;:{&quot;unit&quot;:&quot;px&quot;,&quot;size&quot;:&quot;&quot;,&quot;sizes&quot;:[]},&quot;_transform_translateX_effect_mobile&quot;:{&quot;unit&quot;:&quot;px&quot;,&quot;size&quot;:&quot;&quot;,&quot;sizes&quot;:[]},&quot;_transform_translateY_effect&quot;:{&quot;unit&quot;:&quot;px&quot;,&quot;size&quot;:&quot;&quot;,&quot;sizes&quot;:[]},&quot;_transform_translateY_effect_tablet&quot;:{&quot;unit&quot;:&quot;px&quot;,&quot;size&quot;:&quot;&quot;,&quot;sizes&quot;:[]},&quot;_transform_translateY_effect_mobile&quot;:{&quot;unit&quot;:&quot;px&quot;,&quot;size&quot;:&quot;&quot;,&quot;sizes&quot;:[]}}\" data-widget_type=\"image.default\">\n\t\t\t\t\t\t\t\t\t\t\t\t\t\t\t<img fetchpriority=\"high\" decoding=\"async\" width=\"1280\" height=\"323\" src=\"https:\/\/sang-tao-electronics.vn\/wp-content\/uploads\/2023\/11\/ris.-4osnovnye-aviakompanii.jpg\" class=\"attachment-2048x2048 size-2048x2048 wp-image-1354\" alt=\"\" srcset=\"https:\/\/sang-tao-electronics.vn\/wp-content\/uploads\/2023\/11\/ris.-4osnovnye-aviakompanii.jpg 1280w, https:\/\/sang-tao-electronics.vn\/wp-content\/uploads\/2023\/11\/ris.-4osnovnye-aviakompanii-300x76.jpg 300w, https:\/\/sang-tao-electronics.vn\/wp-content\/uploads\/2023\/11\/ris.-4osnovnye-aviakompanii-1024x258.jpg 1024w, https:\/\/sang-tao-electronics.vn\/wp-content\/uploads\/2023\/11\/ris.-4osnovnye-aviakompanii-150x38.jpg 150w, https:\/\/sang-tao-electronics.vn\/wp-content\/uploads\/2023\/11\/ris.-4osnovnye-aviakompanii-768x194.jpg 768w, https:\/\/sang-tao-electronics.vn\/wp-content\/uploads\/2023\/11\/ris.-4osnovnye-aviakompanii-1200x303.jpg 1200w\" sizes=\"(max-width: 1280px) 100vw, 1280px\" \/>\t\t\t\t\t\t\t\t\t\t\t\t\t\t\t<\/div>\n\t\t\t\t\t<\/div>\n\t\t\t\t<\/div>\n\t\t<div class=\"elementor-element elementor-element-03f3ca5 e-flex e-con-boxed e-con e-parent\" data-id=\"03f3ca5\" data-element_type=\"container\" data-e-type=\"container\">\n\t\t\t\t\t<div class=\"e-con-inner\">\n\t\t\t\t<div class=\"elementor-element elementor-element-24e4a54 elementor-widget elementor-widget-spacer\" data-id=\"24e4a54\" data-element_type=\"widget\" data-e-type=\"widget\" data-widget_type=\"spacer.default\">\n\t\t\t\t\t\t\t<div class=\"elementor-spacer\">\n\t\t\t<div class=\"elementor-spacer-inner\"><\/div>\n\t\t<\/div>\n\t\t\t\t\t\t<\/div>\n\t\t\t\t<div class=\"elementor-element elementor-element-ed36184 elementor-widget__width-initial e-transform elementor-widget elementor-widget-text-editor\" data-id=\"ed36184\" data-element_type=\"widget\" data-e-type=\"widget\" data-settings=\"{&quot;_transform_translateX_effect&quot;:{&quot;unit&quot;:&quot;px&quot;,&quot;size&quot;:74,&quot;sizes&quot;:[]},&quot;_transform_translateX_effect_tablet&quot;:{&quot;unit&quot;:&quot;px&quot;,&quot;size&quot;:&quot;&quot;,&quot;sizes&quot;:[]},&quot;_transform_translateX_effect_mobile&quot;:{&quot;unit&quot;:&quot;px&quot;,&quot;size&quot;:&quot;&quot;,&quot;sizes&quot;:[]},&quot;_transform_translateY_effect&quot;:{&quot;unit&quot;:&quot;px&quot;,&quot;size&quot;:&quot;&quot;,&quot;sizes&quot;:[]},&quot;_transform_translateY_effect_tablet&quot;:{&quot;unit&quot;:&quot;px&quot;,&quot;size&quot;:&quot;&quot;,&quot;sizes&quot;:[]},&quot;_transform_translateY_effect_mobile&quot;:{&quot;unit&quot;:&quot;px&quot;,&quot;size&quot;:&quot;&quot;,&quot;sizes&quot;:[]}}\" data-widget_type=\"text-editor.default\">\n\t\t\t\t\t\t\t\t\t<p><span style=\"font-size: 14pt; font-family: 'Andale Mono', Times;\"><strong><span style=\"color: #000000; background-color: transparent; font-variant: normal; text-decoration: none; vertical-align: baseline; white-space: pre-wrap;\"><span style=\"background-color: transparent; font-variant: normal; text-decoration: none; vertical-align: baseline; text-wrap: wrap;\">\u00a0 \u00a0<\/span> C\u00f4ng ty TNHH S\u00e1ng T\u1ea1o Electronics \u0111\u01b0\u1ee3c th\u00e0nh l\u1eadp v\u00e0o n\u0103m 2016. C\u00f4ng ty ch\u00ednh v\u00e0 c\u01a1 s\u1edf s\u1ea3n xu\u1ea5t ch\u00ednh \u0111\u01b0\u1ee3c \u0111\u1eb7t t\u1ea1i th\u00e0nh ph\u1ed1 Nha Trang, t\u1ec9nh Kh\u00e1nh Ho\u00e0. <\/span><\/strong><\/span><\/p><p><span style=\"font-size: 14pt; font-family: 'Andale Mono', Times;\"><strong><span style=\"color: #000000; background-color: transparent; font-variant: normal; text-decoration: none; vertical-align: baseline; white-space: pre-wrap;\">V\u00e0o n\u0103m 2020, ban l\u00e3nh \u0111\u1ea1o c\u00f4ng ty \u0111\u00e3 th\u1ef1c hi\u1ec7n c\u00e1c b\u01b0\u1edbc c\u1ea3i ti\u1ebfn v\u00e0 l\u00e0m m\u1edbi th\u01b0\u01a1ng hi\u1ec7u \u0111\u1ec3 ph\u1ee5c v\u1ee5 ng\u01b0\u1eddi ti\u00eau d\u00f9ng t\u1ed1t h\u01a1n; trong n\u0103m 2021, c\u00f4ng ty \u0111\u00e3 \u0111\u1ea1t \u0111\u01b0\u1ee3c nh\u1eefng th\u00e0nh c\u00f4ng l\u1edbn v\u00e0 \u0111\u1ea1t ch\u1ee9ng nh\u1eadn ch\u1ea5t l\u01b0\u1ee3ng ISO9001. T\u1ed5ng s\u1ed1 nh\u00e2n vi\u00ean hi\u1ec7n t\u1ea1i c\u1ee7a c\u00f4ng ty l\u00e0 217 ng\u01b0\u1eddi, trong \u0111\u00f3 c\u00f3 h\u01a1n 50 ng\u01b0\u1eddi l\u00e0 k\u1ef9 thu\u1eadt vi\u00ean chuy\u00ean nghi\u1ec7p.<\/span><\/strong><\/span><\/p><p><span style=\"font-size: 14pt; font-family: 'Andale Mono', Times;\"><strong><span style=\"color: #000000; background-color: transparent; font-variant: normal; text-decoration: none; vertical-align: baseline; white-space: pre-wrap;\"> C\u00f4ng ty c\u00f3 v\u0103n ph\u00f2ng hi\u1ec7n \u0111\u1ea1i v\u1edbi di\u1ec7n t\u00edch g\u1ea7n 10.000 m\u00b2 \u0111\u01b0\u1ee3c trang b\u1ecb d\u00e2y chuy\u1ec1n s\u1ea3n xu\u1ea5t ti\u00ean ti\u1ebfn, c\u00f9ng c\u00e1c ph\u01b0\u01a1ng ph\u00e1p ki\u1ec3m so\u00e1t v\u00e0 th\u1eed nghi\u1ec7m m\u1edbi nh\u1ea5t v\u1edbi ch\u1ec9 ti\u00eau cung c\u1ea5p c\u00e1c gi\u1ea3i ph\u00e1p hi\u1ec7u qu\u1ea3 v\u00e0 th\u00e2n thi\u1ec7n v\u1edbi m\u00f4i tr\u01b0\u1eddng \u0111\u1ec3 tri\u1ec3n khai c\u00e1c h\u1ec7 th\u1ed1ng th\u00f4ng tin li\u00ean l\u1ea1c hi\u1ec7n \u0111\u1ea1i v\u00e0 h\u1ec7 th\u1ed1ng t\u1ef1 \u0111\u1ed9ng h\u00f3a quy tr\u00ecnh<\/span><\/strong><\/span><\/p>\t\t\t\t\t\t\t\t<\/div>\n\t\t\t\t<div class=\"elementor-element elementor-element-4d12667 elementor-widget elementor-widget-spacer\" data-id=\"4d12667\" data-element_type=\"widget\" data-e-type=\"widget\" data-widget_type=\"spacer.default\">\n\t\t\t\t\t\t\t<div class=\"elementor-spacer\">\n\t\t\t<div class=\"elementor-spacer-inner\"><\/div>\n\t\t<\/div>\n\t\t\t\t\t\t<\/div>\n\t\t\t\t\t<\/div>\n\t\t\t\t<\/div>\n\t\t\t\t<\/div>\n\t\t","protected":false},"excerpt":{"rendered":"<p>\u00a0 \u00a0 C\u00f4ng ty TNHH S\u00e1ng T?o Electronics ???c th\u00e0nh l?p v\u00e0o n?m 2016. C\u00f4ng ty ch\u00ednh v\u00e0 c? s? [&hellip;]<\/p>\n","protected":false},"author":241417529,"featured_media":0,"parent":0,"menu_order":1,"comment_status":"closed","ping_status":"closed","template":"","meta":{"_crdt_document":"","site-sidebar-layout":"no-sidebar","site-content-layout":"page-builder","ast-site-content-layout":"full-width-container","site-content-style":"default","site-sidebar-style":"default","ast-global-header-display":"","ast-banner-title-visibility":"","ast-main-header-display":"","ast-hfb-above-header-display":"","ast-hfb-below-header-display":"","ast-hfb-mobile-header-display":"","site-post-title":"disabled","ast-breadcrumbs-content":"","ast-featured-img":"disabled","footer-sml-layout":"","theme-transparent-header-meta":"","adv-header-id-meta":"","stick-header-meta":"","header-above-stick-meta":"","header-main-stick-meta":"","header-below-stick-meta":"","astra-migrate-meta-layouts":"set","ast-page-background-enabled":"default","ast-page-background-meta":{"desktop":{"background-color":"var(--ast-global-color-5)","background-image":"","background-repeat":"repeat","background-position":"center center","background-size":"auto","background-attachment":"scroll","background-type":"","background-media":"","overlay-type":"","overlay-color":"","overlay-opacity":"","overlay-gradient":""},"tablet":{"background-color":"","background-image":"","background-repeat":"repeat","background-position":"center center","background-size":"auto","background-attachment":"scroll","background-type":"","background-media":"","overlay-type":"","overlay-color":"","overlay-opacity":"","overlay-gradient":""},"mobile":{"background-color":"","background-image":"","background-repeat":"repeat","background-position":"center center","background-size":"auto","background-attachment":"scroll","background-type":"","background-media":"","overlay-type":"","overlay-color":"","overlay-opacity":"","overlay-gradient":""}},"ast-content-background-meta":{"desktop":{"background-color":"var(--ast-global-color-4)","background-image":"","background-repeat":"repeat","background-position":"center center","background-size":"auto","background-attachment":"scroll","background-type":"","background-media":"","overlay-type":"","overlay-color":"","overlay-opacity":"","overlay-gradient":""},"tablet":{"background-color":"var(--ast-global-color-4)","background-image":"","background-repeat":"repeat","background-position":"center center","background-size":"auto","background-attachment":"scroll","background-type":"","background-media":"","overlay-type":"","overlay-color":"","overlay-opacity":"","overlay-gradient":""},"mobile":{"background-color":"var(--ast-global-color-4)","background-image":"","background-repeat":"repeat","background-position":"center center","background-size":"auto","background-attachment":"scroll","background-type":"","background-media":"","overlay-type":"","overlay-color":"","overlay-opacity":"","overlay-gradient":""}},"footnotes":""},"class_list":["post-959","page","type-page","status-publish","hentry"],"_links":{"self":[{"href":"https:\/\/sang-tao-electronics.vn\/index.php?rest_route=\/wp\/v2\/pages\/959","targetHints":{"allow":["GET"]}}],"collection":[{"href":"https:\/\/sang-tao-electronics.vn\/index.php?rest_route=\/wp\/v2\/pages"}],"about":[{"href":"https:\/\/sang-tao-electronics.vn\/index.php?rest_route=\/wp\/v2\/types\/page"}],"author":[{"embeddable":true,"href":"https:\/\/sang-tao-electronics.vn\/index.php?rest_route=\/wp\/v2\/users\/241417529"}],"replies":[{"embeddable":true,"href":"https:\/\/sang-tao-electronics.vn\/index.php?rest_route=%2Fwp%2Fv2%2Fcomments&post=959"}],"version-history":[{"count":100,"href":"https:\/\/sang-tao-electronics.vn\/index.php?rest_route=\/wp\/v2\/pages\/959\/revisions"}],"predecessor-version":[{"id":1551,"href":"https:\/\/sang-tao-electronics.vn\/index.php?rest_route=\/wp\/v2\/pages\/959\/revisions\/1551"}],"wp:attachment":[{"href":"https:\/\/sang-tao-electronics.vn\/index.php?rest_route=%2Fwp%2Fv2%2Fmedia&parent=959"}],"curies":[{"name":"wp","href":"https:\/\/api.w.org\/{rel}","templated":true}]}}