{"id":1277,"date":"2023-11-07T17:47:43","date_gmt":"2023-11-07T10:47:43","guid":{"rendered":"https:\/\/sang-tao-electronics.vn\/?page_id=1277"},"modified":"2024-06-21T16:19:12","modified_gmt":"2024-06-21T09:19:12","slug":"dich-vu","status":"publish","type":"page","link":"https:\/\/sang-tao-electronics.vn\/?page_id=1277","title":{"rendered":"D?CH V?"},"content":{"rendered":"\t\t<div data-elementor-type=\"wp-page\" data-elementor-id=\"1277\" class=\"elementor elementor-1277\">\n\t\t\t\t<div class=\"elementor-element elementor-element-08d3b17 e-flex e-con-boxed e-con e-parent\" data-id=\"08d3b17\" data-element_type=\"container\" data-e-type=\"container\">\n\t\t\t\t\t<div class=\"e-con-inner\">\n\t\t\t\t<div class=\"elementor-element elementor-element-9902261 elementor-widget__width-initial e-transform e-transform elementor-widget elementor-widget-text-editor\" data-id=\"9902261\" data-element_type=\"widget\" data-e-type=\"widget\" data-settings=\"{&quot;_transform_translateY_effect&quot;:{&quot;unit&quot;:&quot;px&quot;,&quot;size&quot;:53,&quot;sizes&quot;:[]},&quot;_transform_translateX_effect&quot;:{&quot;unit&quot;:&quot;px&quot;,&quot;size&quot;:&quot;&quot;,&quot;sizes&quot;:[]},&quot;_transform_translateX_effect_tablet&quot;:{&quot;unit&quot;:&quot;px&quot;,&quot;size&quot;:&quot;&quot;,&quot;sizes&quot;:[]},&quot;_transform_translateX_effect_mobile&quot;:{&quot;unit&quot;:&quot;px&quot;,&quot;size&quot;:&quot;&quot;,&quot;sizes&quot;:[]},&quot;_transform_translateY_effect_tablet&quot;:{&quot;unit&quot;:&quot;px&quot;,&quot;size&quot;:&quot;&quot;,&quot;sizes&quot;:[]},&quot;_transform_translateY_effect_mobile&quot;:{&quot;unit&quot;:&quot;px&quot;,&quot;size&quot;:&quot;&quot;,&quot;sizes&quot;:[]},&quot;_transform_scale_effect&quot;:{&quot;unit&quot;:&quot;px&quot;,&quot;size&quot;:&quot;&quot;,&quot;sizes&quot;:[]},&quot;_transform_scale_effect_tablet&quot;:{&quot;unit&quot;:&quot;px&quot;,&quot;size&quot;:&quot;&quot;,&quot;sizes&quot;:[]},&quot;_transform_scale_effect_mobile&quot;:{&quot;unit&quot;:&quot;px&quot;,&quot;size&quot;:&quot;&quot;,&quot;sizes&quot;:[]}}\" data-widget_type=\"text-editor.default\">\n\t\t\t\t\t\t\t\t\t<p><span style=\"font-family: 'Andale Mono', Times; color: #000000;\"><strong><span style=\"font-size: 24pt;\">D\u1ecbch V\u1ee5<\/span><\/strong><\/span><\/p>\t\t\t\t\t\t\t\t<\/div>\n\t\t\t\t\t<\/div>\n\t\t\t\t<\/div>\n\t\t<div class=\"elementor-element elementor-element-c0cccdf e-flex e-con-boxed e-con e-parent\" data-id=\"c0cccdf\" data-element_type=\"container\" data-e-type=\"container\">\n\t\t\t\t\t<div class=\"e-con-inner\">\n\t\t<div class=\"elementor-element elementor-element-6fe81fb e-con-full e-flex e-con e-child\" data-id=\"6fe81fb\" data-element_type=\"container\" data-e-type=\"container\">\n\t\t\t\t<div class=\"elementor-element elementor-element-26e4691 e-transform elementor-invisible elementor-widget elementor-widget-text-editor\" data-id=\"26e4691\" data-element_type=\"widget\" data-e-type=\"widget\" data-settings=\"{&quot;_animation&quot;:&quot;fadeIn&quot;,&quot;_transform_translateY_effect&quot;:{&quot;unit&quot;:&quot;px&quot;,&quot;size&quot;:22,&quot;sizes&quot;:[]},&quot;_transform_translateX_effect&quot;:{&quot;unit&quot;:&quot;px&quot;,&quot;size&quot;:&quot;&quot;,&quot;sizes&quot;:[]},&quot;_transform_translateX_effect_tablet&quot;:{&quot;unit&quot;:&quot;px&quot;,&quot;size&quot;:&quot;&quot;,&quot;sizes&quot;:[]},&quot;_transform_translateX_effect_mobile&quot;:{&quot;unit&quot;:&quot;px&quot;,&quot;size&quot;:&quot;&quot;,&quot;sizes&quot;:[]},&quot;_transform_translateY_effect_tablet&quot;:{&quot;unit&quot;:&quot;px&quot;,&quot;size&quot;:&quot;&quot;,&quot;sizes&quot;:[]},&quot;_transform_translateY_effect_mobile&quot;:{&quot;unit&quot;:&quot;px&quot;,&quot;size&quot;:&quot;&quot;,&quot;sizes&quot;:[]}}\" data-widget_type=\"text-editor.default\">\n\t\t\t\t\t\t\t\t\t<p><span style=\"font-size: 14pt; font-family: 'Andale Mono', Times; color: #000000;\"><strong>C\u00f4ng ty S\u00e1ng T\u1ea1o Electronics cung c\u1ea5p c\u00e1c gi\u1ea3i ph\u00e1p to\u00e0n di\u1ec7n li\u00ean quan \u0111\u1ebfn m\u1ea1ng k\u1ef9 thu\u1eadt s\u1ed1, gi\u00fap kh\u00e1ch h\u00e0ng c\u1ea3i thi\u1ec7n quy tr\u00ecnh hi\u1ec7n c\u00f3 ho\u1eb7c quy tr\u00ecnh m\u1edbi.<\/strong><\/span><\/p><p><span style=\"font-size: 14pt; font-family: 'Andale Mono', Times; color: #000000;\"><strong>\u00a0 \u00a0D\u1ef1a v\u00e0o qu\u00e1 tr\u00ecnh ph\u00e2n t\u00edch xu h\u01b0\u1edbng ph\u00e1t tri\u1ec3n c\u1ee7a th\u1ecb tr\u01b0\u1eddng h\u1ec7 th\u1ed1ng k\u1ef9 thu\u1eadt s\u1ed1 v\u00e0 y\u00eau c\u1ea7u c\u1ee7a kh\u00e1ch h\u00e0ng, C\u00f4ng ty s\u1ebd x\u00e1c \u0111\u1ecbnh v\u00e0 h\u00ecnh th\u00e0nh c\u00e1c ph\u01b0\u01a1ng \u00e1n v\u00e0 th\u00f4ng s\u1ed1 k\u1ef9 thu\u1eadt cho t\u1eebng kh\u00e1ch h\u00e0ng c\u00e1 nh\u00e2n c\u0169ng nh\u01b0 c\u00e1c nh\u00f3m kh\u00e1ch h\u00e0ng trong c\u00e1c l\u0129nh v\u1ef1c li\u00ean quan.<\/strong><\/span><\/p><p><span style=\"font-size: 14pt; font-family: 'Andale Mono', Times; color: #000000;\"><strong>\u00a0 \u00a0\u0110\u1ec3 th\u1ef1c hi\u1ec7n nhi\u1ec7m v\u1ee5 (ho\u1eb7c c\u00e1c nhi\u1ec7m v\u1ee5) \u0111\u01b0\u1ee3c giao, Ch\u00fang t\u00f4i s\u1ebd \u0111\u01b0a ra c\u00e1c y\u00eau c\u1ea7u ch\u1ee9c n\u0103ng v\u00e0 phi ch\u1ee9c n\u0103ng \u0111\u1ed1i v\u1edbi h\u1ec7 th\u1ed1ng (ho\u1eb7c c\u00e1c h\u1ec7 th\u1ed1ng).<\/strong><\/span><\/p><p><span style=\"font-size: 14pt; font-family: 'Andale Mono', Times; color: #000000;\"><strong>\u00a0 \u00a0Y\u00eau c\u1ea7u ch\u1ee9c n\u0103ng m\u00f4 t\u1ea3 h\u00e0nh vi chi ti\u1ebft c\u1ee7a (c\u00e1c) h\u1ec7 th\u1ed1ng. Nh\u1eefng c\u00e1i kh\u00f4ng c\u00f3 ch\u1ee9c n\u0103ng bao g\u1ed3m t\u00ednh kh\u1ea3 d\u1ee5ng c\u1ee7a h\u1ec7 th\u1ed1ng, \u0111\u1ed9 tin c\u1eady c\u1ee7a h\u1ec7 th\u1ed1ng, t\u1ed1c \u0111\u1ed9 ph\u1ea3n h\u1ed3i, v.v. Ki\u1ebfn tr\u00fac h\u1ec7 th\u1ed1ng \u0111\u01b0\u1ee3c x\u00e1c \u0111\u1ecbnh: \u0111\u01a1n c\u1ea5p (1, 2 ho\u1eb7c 3 c\u1ea5p), \u0111a c\u1ea5p (c\u00f3 b\u1ea3n \u0111\u1ecba h\u00f3a t\u1ef1 do ho\u1eb7c ph\u1ee5 thu\u1ed9c).<\/strong><\/span><\/p>\t\t\t\t\t\t\t\t<\/div>\n\t\t\t\t<\/div>\n\t\t<div class=\"elementor-element elementor-element-a77a641 e-con-full e-flex e-con e-child\" data-id=\"a77a641\" data-element_type=\"container\" data-e-type=\"container\">\n\t\t\t\t<div class=\"elementor-element elementor-element-1e07ccc elementor-widget__width-initial e-transform elementor-invisible elementor-widget elementor-widget-image\" data-id=\"1e07ccc\" data-element_type=\"widget\" data-e-type=\"widget\" data-settings=\"{&quot;_animation&quot;:&quot;fadeIn&quot;,&quot;_transform_translateX_effect&quot;:{&quot;unit&quot;:&quot;px&quot;,&quot;size&quot;:6,&quot;sizes&quot;:[]},&quot;_transform_translateY_effect&quot;:{&quot;unit&quot;:&quot;px&quot;,&quot;size&quot;:38,&quot;sizes&quot;:[]},&quot;_transform_translateX_effect_tablet&quot;:{&quot;unit&quot;:&quot;px&quot;,&quot;size&quot;:&quot;&quot;,&quot;sizes&quot;:[]},&quot;_transform_translateX_effect_mobile&quot;:{&quot;unit&quot;:&quot;px&quot;,&quot;size&quot;:&quot;&quot;,&quot;sizes&quot;:[]},&quot;_transform_translateY_effect_tablet&quot;:{&quot;unit&quot;:&quot;px&quot;,&quot;size&quot;:&quot;&quot;,&quot;sizes&quot;:[]},&quot;_transform_translateY_effect_mobile&quot;:{&quot;unit&quot;:&quot;px&quot;,&quot;size&quot;:&quot;&quot;,&quot;sizes&quot;:[]}}\" data-widget_type=\"image.default\">\n\t\t\t\t\t\t\t\t\t\t\t\t\t\t\t<img fetchpriority=\"high\" decoding=\"async\" width=\"1024\" height=\"759\" src=\"https:\/\/sang-tao-electronics.vn\/wp-content\/uploads\/2023\/11\/IMG_0248-1-1024x759.jpg\" class=\"attachment-large size-large wp-image-1458\" alt=\"\" srcset=\"https:\/\/sang-tao-electronics.vn\/wp-content\/uploads\/2023\/11\/IMG_0248-1-1024x759.jpg 1024w, https:\/\/sang-tao-electronics.vn\/wp-content\/uploads\/2023\/11\/IMG_0248-1-300x222.jpg 300w, https:\/\/sang-tao-electronics.vn\/wp-content\/uploads\/2023\/11\/IMG_0248-1-150x111.jpg 150w, https:\/\/sang-tao-electronics.vn\/wp-content\/uploads\/2023\/11\/IMG_0248-1-768x569.jpg 768w, https:\/\/sang-tao-electronics.vn\/wp-content\/uploads\/2023\/11\/IMG_0248-1-1536x1139.jpg 1536w, https:\/\/sang-tao-electronics.vn\/wp-content\/uploads\/2023\/11\/IMG_0248-1-2048x1518.jpg 2048w, https:\/\/sang-tao-electronics.vn\/wp-content\/uploads\/2023\/11\/IMG_0248-1-1200x890.jpg 1200w\" sizes=\"(max-width: 1024px) 100vw, 1024px\" \/>\t\t\t\t\t\t\t\t\t\t\t\t\t\t\t<\/div>\n\t\t\t\t<\/div>\n\t\t\t\t\t<\/div>\n\t\t\t\t<\/div>\n\t\t<div class=\"elementor-element elementor-element-b996ff5 e-flex e-con-boxed e-con e-parent\" data-id=\"b996ff5\" data-element_type=\"container\" data-e-type=\"container\">\n\t\t\t\t\t<div class=\"e-con-inner\">\n\t\t<div class=\"elementor-element elementor-element-3b431fb e-con-full e-flex e-con e-child\" data-id=\"3b431fb\" data-element_type=\"container\" data-e-type=\"container\">\n\t\t\t\t<div class=\"elementor-element elementor-element-da62b3d elementor-widget__width-initial elementor-invisible elementor-widget elementor-widget-text-editor\" data-id=\"da62b3d\" data-element_type=\"widget\" data-e-type=\"widget\" data-settings=\"{&quot;_animation&quot;:&quot;fadeIn&quot;}\" data-widget_type=\"text-editor.default\">\n\t\t\t\t\t\t\t\t\t<p style=\"text-align: justify;\"><span style=\"font-size: 14pt;\"><strong><span style=\"font-family: Terminal, Monaco;\">\u00a0 <span style=\"color: #000000; font-family: 'Andale Mono', Times;\">\u00a0N\u1ebfu c\u1ea7n t\u00edch h\u1ee3p nhi\u1ec1u h\u1ec7 th\u1ed1ng \u0111\u1ec3 ho\u00e0n th\u00e0nh m\u1ed9t nhi\u1ec7m v\u1ee5 th\u00ec c\u00e1c chuy\u00ean gia c\u1ee7a S\u00e1ng T\u1ea1o Electronics s\u1ebd thi\u1ebft l\u1eadp danh s\u00e1ch c\u00e1c th\u00f4ng s\u1ed1 c\u1ee7a h\u1ec7 th\u1ed1ng v\u00e0 thi\u1ebft b\u1ecb c\u1ea7n thi\u1ebft \u0111\u1ec3 ho\u00e0n th\u00e0nh nhi\u1ec7m v\u1ee5, S\u1ebd m\u00f4 t\u1ea3 c\u1ee5 th\u1ec3 ph\u01b0\u01a1ng ph\u00e1p t\u00edch h\u1ee3p (\u0111\u1ed3ng b\u1ed9, kh\u00f4ng \u0111\u1ed3ng b\u1ed9) gi\u1eefa c\u00e1c h\u1ec7 th\u1ed1ng, giao th\u1ee9c t\u01b0\u01a1ng t\u00e1c v\u00e0 c\u00e1c \u0111\u1ecbnh d\u1ea1ng y\u00eau c\u1ea7u s\u1ebd \u0111\u01b0\u1ee3c x\u00e1c \u0111\u01b0a ra.<\/span><\/span><\/strong><\/span><\/p><p style=\"text-align: justify;\"><span style=\"font-size: 14pt; color: #000000; font-family: 'Andale Mono', Times;\"><strong>\u00a0 Sau khi ho\u00e0n th\u00e0nh vi\u1ec7c thi\u1ebft k\u1ebf ki\u1ebfn tr\u00fac h\u1ec7 th\u1ed1ng v\u00e0 s\u1eeda ch\u1eefa c\u00e1c k\u1ebft n\u1ed1i song song ho\u1eb7c n\u1ed1i ti\u1ebfp, c\u1ea5u h\u00ecnh thi\u1ebft b\u1ecb \u0111\u01b0\u1ee3c ph\u00e1t tri\u1ec3n d\u1ef1a theo c\u00e1c ch\u1ec9 s\u1ed1 ti\u1ebfng \u1ed3n v\u00e0 \u0111\u1ed9 rung, c\u00e1c th\u00f4ng s\u1ed1 ph\u1ea1m vi nhi\u1ec7t \u0111\u1ed9 cho ph\u00e9p, kh\u1ea3 n\u0103ng t\u1ef1 ch\u1ee7 c\u1ee7a thi\u1ebft b\u1ecb<br \/>Sau khi ho\u00e0n th\u00e0nh c\u00f4ng vi\u1ec7c thi\u1ebft k\u1ebf, c\u00e1c chuy\u00ean gi\u00e1 s\u1ebd \u0111\u01b0a ra c\u00e1c y\u00eau c\u1ea7u k\u1ef9 thu\u1eadt c\u1ee5 th\u1ec3 v\u00e0 s\u1ebd b\u00e0n giao M\u1ed9t b\u1ed9 t\u00e0i li\u1ec7u cho b\u1ed9 ph\u1eadn s\u1ea3n xu\u1ea5t v\u00e0 d\u1ecbch v\u1ee5 h\u1ed7 tr\u1ee3<\/strong><\/span><\/p><p><span style=\"color: #000000;\"><strong><span style=\"font-family: 'Andale Mono', Times; font-size: 14pt;\">\u00a0 Theo y\u00eau c\u1ea7u c\u1ee7a kh\u00e1ch h\u00e0ng, m\u1ee9c \u0111\u1ed9 m\u00f4-\u0111un thi\u1ebft k\u1ebf \u0111\u01b0\u1ee3c ph\u00e1t tri\u1ec3n cho t\u1eebng lo\u1ea1i thi\u1ebft b\u1ecb, cho ph\u00e9p m\u1edf r\u1ed9ng h\u1ec7 th\u1ed1ng m\u1ed9t c\u00e1ch thu\u1eadn ti\u1ec7n theo c\u00e1c \u0111i\u1ec1u ki\u1ec7n c\u1ee7a quy tr\u00ecnh s\u1ea3n xu\u1ea5t hi\u1ec7n c\u00f3.<\/span><\/strong><\/span><\/p><p style=\"text-align: justify;\"><span style=\"font-family: 'Andale Mono', Times; font-size: 14pt;\">\u00a0 <span style=\"color: #000000;\"><strong>M\u1ed7i thi\u1ebft b\u1ecb \u0111\u01b0\u1ee3c thi\u1ebft k\u1ebf c\u00f3 t\u00ednh \u0111\u1ebfn c\u00e1c y\u00eau c\u1ea7u v\u1ec1 l\u00e0m m\u00e1t, b\u1ea3o v\u1ec7 kh\u1ecfi b\u1ee5i v\u00e0 rung, \u0111\u1ed9 tin c\u1eady v\u00e0 kh\u1ea3 n\u0103ng t\u1ef1 ch\u1ee7<\/strong><\/span><\/span><\/p><p style=\"text-align: justify;\"><span style=\"font-size: 14pt; color: #000000; font-family: 'Andale Mono', Times;\"><strong>\u00a0 C\u00f4ng ty ch\u00fang t\u00f4i c\u0169ng cung c\u1ea5p c\u00e1c d\u1ecbch v\u1ee5 ph\u00e1t tri\u1ec3n c\u1ee5m c\u00e1p, \u0111i\u1ec1u ph\u1ed1i c\u00e1c giao th\u1ee9c trao \u0111\u1ed5i th\u00f4ng tin \u0111\u1ec3 t\u00edch h\u1ee3p v\u00e0o h\u1ec7 th\u1ed1ng hi\u1ec7n c\u00f3 c\u1ee7a kh\u00e1ch h\u00e0ng, c\u0169ng nh\u01b0 thi\u1ebft k\u1ebf v\u00e0 l\u1eafp \u0111\u1eb7t m\u1ea1ng c\u00e1p c\u00f3 t\u00ednh \u0111\u1ebfn kh\u1ea3 n\u0103ng ch\u1ed1ng nhi\u1ec5u c\u1ee7a c\u00e1c k\u00eanh truy\u1ec1n d\u1eef li\u1ec7u.<\/strong><\/span><\/p><p style=\"text-align: justify;\"><span style=\"font-size: 14pt; color: #000000; font-family: 'Andale Mono', Times;\"><strong>\u00a0 K\u1ebft qu\u1ea3 l\u00e0, kh\u00e1ch h\u00e0ng c\u1ee7a ch\u00fang t\u00f4i nh\u1eadn \u0111\u01b0\u1ee3c m\u1ed9t s\u1ea3n ph\u1ea9m ho\u00e0n thi\u1ec7n, \u0111\u00e3 \u0111\u01b0\u1ee3c th\u1eed nghi\u1ec7m v\u00e0 c\u00f3 ch\u1ee9c n\u0103ng. N\u1ebfu c\u1ea7n thi\u1ebft, S\u00e1ng T\u1ea1o Electronics s\u1eb5n s\u00e0ng h\u1ed7 tr\u1ee3 k\u1ef9 thu\u1eadt cho d\u1ef1 \u00e1n trong th\u1eddi gian v\u1eadn h\u00e0nh c\u1ea7n thi\u1ebft.<\/strong><\/span><\/p><p style=\"text-align: justify;\"><span style=\"font-size: 14pt; color: #000000; font-family: 'Andale Mono', Times;\"><strong>\u00a0<\/strong><\/span><\/p><p style=\"text-align: center;\"><span style=\"color: #000000;\"><strong><span style=\"font-family: 'Andale Mono', Times; font-size: 18pt;\">Chu\u1ea9n b\u1ecb cho qu\u00e1 tr\u00ecnh ki\u1ec3m tra c\u00e1c thi\u1ebft b\u1ecb c\u1ea3m bi\u1ebfn v\u00f2ng quay<\/span><\/strong><\/span><\/p><p><strong><span style=\"font-family: 'Andale Mono', Times; font-size: 14pt; color: #000000;\">\u00a0 Theo y\u00eau c\u1ea7u c\u1ee7a kh\u00e1ch h\u00e0ng, c\u00e1c chuy\u00ean gia c\u1ee7a ch\u00fang t\u00f4i s\u1ebd nhanh ch\u00f3ng chu\u1ea9n b\u1ecb c\u00e1c \u0111\u1ec1 xu\u1ea5t k\u1ef9 thu\u1eadt v\u00e0 th\u01b0\u01a1ng m\u1ea1i chi ti\u1ebft cho c\u00e1c th\u00f4ng s\u1ed1 k\u1ef9 thu\u1eadt ph\u1ee9c t\u1ea1p c\u1ee7a kh\u00e1ch h\u00e0ng. Kinh nghi\u1ec7m c\u1ee7a c\u00f4ng ty c\u00f3 th\u1ec3 cho phep t\u00ednh \u0111\u1ebfn m\u1ecdi t\u00ecnh hu\u00f4ng li\u00ean quan \u0111\u1ebfn qu\u00e1 tr\u00ecnh ho\u00e0n th\u00e0nh gi\u1ea5y t\u1edd k\u1ef9 thu\u1eadt.<\/span><\/strong><\/p><p><strong><span style=\"font-size: 14pt; font-family: 'Andale Mono', Times; color: #000000;\">\u00a0 \u00a0 \u00a0 \u00a0 \u00a0 Ch\u1ee9ng nh\u1eadn v\u00e0 v\u1eadn h\u00e0nh<\/span><\/strong><\/p><p><strong><span style=\"font-family: 'Andale Mono', Times; font-size: 14pt; color: #000000;\">\u00a0 C\u00e1c k\u1ef9 s\u01b0 d\u1ecbch v\u1ee5 c\u1ee7a ch\u00fang t\u00f4i ti\u1ebfn h\u00e0nh v\u1eadn h\u00e0nh th\u1eed t\u1ea5t c\u1ea3 c\u00e1c thi\u1ebft b\u1ecb do c\u00f4ng ty ch\u00fang t\u00f4i cung c\u1ea5p<\/span><\/strong><\/p><p><strong><span style=\"font-family: 'Andale Mono', Times; font-size: 14pt; color: #000000;\">\u00a0 C\u00f4ng vi\u1ec7c ch\u1ea1y th\u1eed bao g\u1ed3m chu\u1ea9n b\u1ecb v\u1ec1 m\u1eb7t t\u1ed5 ch\u1ee9c v\u00e0 k\u1ef9 thu\u1eadt: gi\u00e1m s\u00e1t l\u1eafp \u0111\u1eb7t, hi\u1ec7u ch\u1ec9nh thi\u1ebft b\u1ecb, th\u1eed nghi\u1ec7m to\u00e0n di\u1ec7n, ki\u1ec3m tra c\u00f4ng su\u1ea5t thi\u1ebft k\u1ebf theo t\u1ea3i tr\u1ecdng nh\u1ea5t \u0111\u1ecbnh.<\/span><\/strong><\/p><p>\u00a0 \u00a0 \u00a0 \u00a0 \u00a0<span style=\"color: #000000;\"><strong><span style=\"font-family: 'Andale Mono', Times; font-size: 14pt;\"> C\u00e1c giai \u0111o\u1ea1n ch\u00ednh c\u1ee7a qu\u00e1 tr\u00ecnh \u0111\u01b0a thi\u1ebft b\u1ecb v\u00e0o v\u1eadn h\u00e0nh<\/span><\/strong><\/span><\/p><ul><li><span style=\"color: #000000;\"><strong><span style=\"font-family: 'Andale Mono', Times; font-size: 14pt;\">T\u01b0 v\u1ea5n chuy\u00ean nghi\u1ec7p v\u1ec1 vi\u1ec7c chu\u1ea9n b\u1ecb ph\u00f2ng\/\u0111\u1ecba \u0111i\u1ec3m l\u1eafp \u0111\u1eb7t thi\u1ebft b\u1ecb m\u1edbi \u0111\u1ec3 k\u1ebft n\u1ed1i v\u00e0 v\u1eadn h\u00e0nh th\u1eed;<\/span><\/strong><\/span><\/li><li><span style=\"color: #000000;\"><strong><span style=\"font-family: 'Andale Mono', Times; font-size: 14pt;\">Vi\u1ec7c nghi\u1ec7m thu thi\u1ebft b\u1ecb t\u1ea1i c\u01a1 s\u1edf c\u1ee7a kh\u00e1ch h\u00e0ng d\u1ef1a tr\u00ean t\u00ednh \u0111\u1ea7y \u0111\u1ee7 c\u1ee7a thi\u1ebft b\u1ecb.<\/span><\/strong><\/span><\/li><li><span style=\"color: #000000;\"><strong><span style=\"font-family: 'Andale Mono', Times; font-size: 14pt;\">Ki\u1ec3m tra ch\u1ea5t l\u01b0\u1ee3ng l\u1eafp r\u00e1p thi\u1ebft b\u1ecb (ki\u1ec3m tra tr\u1ef1c quan v\u00e0 k\u1ef9 thu\u1eadt).<\/span><\/strong><\/span><\/li><li><span style=\"color: #000000;\"><strong><span style=\"font-family: 'Andale Mono', Times; font-size: 14pt;\">C\u00e0i \u0111\u1eb7t \u0111\u01b0\u1ee3c gi\u00e1m s\u00e1t.<\/span><\/strong><\/span><\/li><li><span style=\"color: #000000;\"><strong><span style=\"font-family: 'Andale Mono', Times; font-size: 14pt;\">Kh\u1eafc ph\u1ee5c s\u1ef1 c\u1ed1 n\u1ebfu c\u00f3.<\/span><\/strong><\/span><\/li><li><span style=\"color: #000000;\"><strong><span style=\"font-family: 'Andale Mono', Times; font-size: 14pt;\">Ch\u1ea1y th\u1eed v\u00e0 gi\u00e1m s\u00e1t ho\u1ea1t \u0111\u1ed9ng.<\/span><\/strong><\/span><\/li><li><span style=\"color: #000000;\"><strong><span style=\"font-family: 'Andale Mono', Times; font-size: 14pt;\">Ki\u1ec3m tra h\u1ec7 th\u1ed1ng d\u1eebng v\u00e0 kh\u1edfi \u0111\u1ed9ng kh\u1ea9n c\u1ea5p sau khi lo\u1ea1i b\u1ecf tai n\u1ea1n.<\/span><\/strong><\/span><\/li><li><span style=\"color: #000000;\"><strong><span style=\"font-family: 'Andale Mono', Times; font-size: 14pt;\">S\u1ef1 th\u00edch \u1ee9ng c\u1ee7a thi\u1ebft b\u1ecb v\u1edbi c\u00e1c \u0111i\u1ec1u ki\u1ec7n v\u1eadn h\u00e0nh c\u1ee5 th\u1ec3.<\/span><\/strong><\/span><\/li><li><span style=\"color: #000000;\"><strong><span style=\"font-family: 'Andale Mono', Times; font-size: 14pt;\">C\u00e0i \u0111\u1eb7t ph\u1ea7n m\u1ec1m, n\u1ebfu c\u00f3.<\/span><\/strong><\/span><\/li><li><span style=\"color: #000000;\"><strong><span style=\"font-family: 'Andale Mono', Times; font-size: 14pt;\">T\u00f3m t\u1eaft nh\u00e2n vi\u00ean.<\/span><\/strong><\/span><\/li><li><span style=\"color: #000000;\"><strong><span style=\"font-family: 'Andale Mono', Times; font-size: 14pt;\">Ch\u1ee9ng ch\u1ec9 s\u01a1 c\u1ea5p c\u1ee7a thi\u1ebft b\u1ecb (n\u1ebfu c\u00f3 quy \u0111\u1ecbnh trong h\u1ee3p \u0111\u1ed3ng).<\/span><\/strong><\/span><\/li><li><span style=\"color: #000000;\"><strong><span style=\"font-family: 'Andale Mono', Times; font-size: 14pt;\">K\u00fd gi\u1ea5y ch\u1ee9ng nh\u1eadn v\u1eadn h\u00e0nh v\u00e0 chuy\u1ec3n cho kh\u00e1ch h\u00e0ng b\u1ed9 t\u00e0i li\u1ec7u v\u1ec1 thi\u1ebft b\u1ecb.<\/span><\/strong><\/span><\/li><\/ul><p style=\"text-align: justify;\"><span style=\"font-size: 14pt; color: #000000; font-family: 'Andale Mono', Times;\"><strong>\u00a0<\/strong><\/span><\/p>\t\t\t\t\t\t\t\t<\/div>\n\t\t\t\t<\/div>\n\t\t<div class=\"elementor-element elementor-element-0adac51 e-con-full e-flex e-con e-child\" data-id=\"0adac51\" data-element_type=\"container\" data-e-type=\"container\">\n\t\t\t\t<\/div>\n\t\t\t\t\t<\/div>\n\t\t\t\t<\/div>\n\t\t\t\t<\/div>\n\t\t","protected":false},"excerpt":{"rendered":"<p>D?ch V? C\u00f4ng ty S\u00e1ng T?o Electronics cung c?p c\u00e1c gi?i ph\u00e1p to\u00e0n di?n li\u00ean quan ??n m?ng k? thu?t [&hellip;]<\/p>\n","protected":false},"author":241417529,"featured_media":0,"parent":0,"menu_order":0,"comment_status":"closed","ping_status":"closed","template":"","meta":{"_crdt_document":"","site-sidebar-layout":"no-sidebar","site-content-layout":"page-builder","ast-site-content-layout":"full-width-container","site-content-style":"default","site-sidebar-style":"default","ast-global-header-display":"","ast-banner-title-visibility":"","ast-main-header-display":"","ast-hfb-above-header-display":"","ast-hfb-below-header-display":"","ast-hfb-mobile-header-display":"","site-post-title":"disabled","ast-breadcrumbs-content":"","ast-featured-img":"disabled","footer-sml-layout":"","theme-transparent-header-meta":"","adv-header-id-meta":"","stick-header-meta":"","header-above-stick-meta":"","header-main-stick-meta":"","header-below-stick-meta":"","astra-migrate-meta-layouts":"set","ast-page-background-enabled":"default","ast-page-background-meta":{"desktop":{"background-color":"var(--ast-global-color-5)","background-image":"","background-repeat":"repeat","background-position":"center center","background-size":"auto","background-attachment":"scroll","background-type":"","background-media":"","overlay-type":"","overlay-color":"","overlay-opacity":"","overlay-gradient":""},"tablet":{"background-color":"","background-image":"","background-repeat":"repeat","background-position":"center center","background-size":"auto","background-attachment":"scroll","background-type":"","background-media":"","overlay-type":"","overlay-color":"","overlay-opacity":"","overlay-gradient":""},"mobile":{"background-color":"","background-image":"","background-repeat":"repeat","background-position":"center center","background-size":"auto","background-attachment":"scroll","background-type":"","background-media":"","overlay-type":"","overlay-color":"","overlay-opacity":"","overlay-gradient":""}},"ast-content-background-meta":{"desktop":{"background-color":"var(--ast-global-color-4)","background-image":"","background-repeat":"repeat","background-position":"center center","background-size":"auto","background-attachment":"scroll","background-type":"","background-media":"","overlay-type":"","overlay-color":"","overlay-opacity":"","overlay-gradient":""},"tablet":{"background-color":"var(--ast-global-color-4)","background-image":"","background-repeat":"repeat","background-position":"center center","background-size":"auto","background-attachment":"scroll","background-type":"","background-media":"","overlay-type":"","overlay-color":"","overlay-opacity":"","overlay-gradient":""},"mobile":{"background-color":"var(--ast-global-color-4)","background-image":"","background-repeat":"repeat","background-position":"center center","background-size":"auto","background-attachment":"scroll","background-type":"","background-media":"","overlay-type":"","overlay-color":"","overlay-opacity":"","overlay-gradient":""}},"footnotes":""},"class_list":["post-1277","page","type-page","status-publish","hentry"],"_links":{"self":[{"href":"https:\/\/sang-tao-electronics.vn\/index.php?rest_route=\/wp\/v2\/pages\/1277","targetHints":{"allow":["GET"]}}],"collection":[{"href":"https:\/\/sang-tao-electronics.vn\/index.php?rest_route=\/wp\/v2\/pages"}],"about":[{"href":"https:\/\/sang-tao-electronics.vn\/index.php?rest_route=\/wp\/v2\/types\/page"}],"author":[{"embeddable":true,"href":"https:\/\/sang-tao-electronics.vn\/index.php?rest_route=\/wp\/v2\/users\/241417529"}],"replies":[{"embeddable":true,"href":"https:\/\/sang-tao-electronics.vn\/index.php?rest_route=%2Fwp%2Fv2%2Fcomments&post=1277"}],"version-history":[{"count":64,"href":"https:\/\/sang-tao-electronics.vn\/index.php?rest_route=\/wp\/v2\/pages\/1277\/revisions"}],"predecessor-version":[{"id":1708,"href":"https:\/\/sang-tao-electronics.vn\/index.php?rest_route=\/wp\/v2\/pages\/1277\/revisions\/1708"}],"wp:attachment":[{"href":"https:\/\/sang-tao-electronics.vn\/index.php?rest_route=%2Fwp%2Fv2%2Fmedia&parent=1277"}],"curies":[{"name":"wp","href":"https:\/\/api.w.org\/{rel}","templated":true}]}}