{"id":1000,"date":"2023-10-31T22:43:05","date_gmt":"2023-10-31T15:43:05","guid":{"rendered":"https:\/\/sang-tao-electronics.vn\/?page_id=1000"},"modified":"2024-06-21T15:10:58","modified_gmt":"2024-06-21T08:10:58","slug":"giai-phap","status":"publish","type":"page","link":"https:\/\/sang-tao-electronics.vn\/?page_id=1000","title":{"rendered":"V? ch\u00fang t\u00f4i"},"content":{"rendered":"\t\t<div data-elementor-type=\"wp-page\" data-elementor-id=\"1000\" class=\"elementor elementor-1000\">\n\t\t\t\t<div class=\"elementor-element elementor-element-0ec4464 e-flex e-con-boxed e-con e-parent\" data-id=\"0ec4464\" data-element_type=\"container\" data-e-type=\"container\">\n\t\t\t\t\t<div class=\"e-con-inner\">\n\t\t<div class=\"elementor-element elementor-element-c25bd0c e-con-full e-flex e-con e-child\" data-id=\"c25bd0c\" data-element_type=\"container\" data-e-type=\"container\">\n\t\t\t\t<div class=\"elementor-element elementor-element-5e7f3a2 elementor-widget elementor-widget-spacer\" data-id=\"5e7f3a2\" data-element_type=\"widget\" data-e-type=\"widget\" data-widget_type=\"spacer.default\">\n\t\t\t\t\t\t\t<div class=\"elementor-spacer\">\n\t\t\t<div class=\"elementor-spacer-inner\"><\/div>\n\t\t<\/div>\n\t\t\t\t\t\t<\/div>\n\t\t\t\t<\/div>\n\t\t\t\t\t<\/div>\n\t\t\t\t<\/div>\n\t\t<div class=\"elementor-element elementor-element-392d387 e-con-full e-flex e-con e-parent\" data-id=\"392d387\" data-element_type=\"container\" data-e-type=\"container\">\n\t\t\t\t<div class=\"elementor-element elementor-element-8163ffd elementor-widget__width-initial elementor-widget elementor-widget-text-editor\" data-id=\"8163ffd\" data-element_type=\"widget\" data-e-type=\"widget\" data-widget_type=\"text-editor.default\">\n\t\t\t\t\t\t\t\t\t<h3 style=\"text-align: center;\"><span style=\"font-family: Terminal, Monaco; font-size: 24pt;\"><span style=\"background-color: transparent; font-variant-numeric: normal; font-variant-east-asian: normal; font-variant-alternates: normal; vertical-align: baseline; white-space-collapse: preserve;\">V\u1ec1 ch\u00fang t\u00f4i<\/span><\/span><\/h3>\t\t\t\t\t\t\t\t<\/div>\n\t\t\t\t<\/div>\n\t\t<div class=\"elementor-element elementor-element-fc56ad9 e-flex e-con-boxed e-con e-parent\" data-id=\"fc56ad9\" data-element_type=\"container\" data-e-type=\"container\">\n\t\t\t\t\t<div class=\"e-con-inner\">\n\t\t<div class=\"elementor-element elementor-element-678c2ba e-con-full e-flex e-con e-child\" data-id=\"678c2ba\" data-element_type=\"container\" data-e-type=\"container\">\n\t\t<div class=\"elementor-element elementor-element-f7fe5f8 e-con-full e-flex e-con e-child\" data-id=\"f7fe5f8\" data-element_type=\"container\" data-e-type=\"container\">\n\t\t\t\t<div class=\"elementor-element elementor-element-92bb8d0 elementor-widget__width-inherit e-transform elementor-widget elementor-widget-image\" data-id=\"92bb8d0\" data-element_type=\"widget\" data-e-type=\"widget\" data-settings=\"{&quot;_transform_translateY_effect&quot;:{&quot;unit&quot;:&quot;px&quot;,&quot;size&quot;:20,&quot;sizes&quot;:[]},&quot;_transform_translateX_effect&quot;:{&quot;unit&quot;:&quot;px&quot;,&quot;size&quot;:&quot;&quot;,&quot;sizes&quot;:[]},&quot;_transform_translateX_effect_tablet&quot;:{&quot;unit&quot;:&quot;px&quot;,&quot;size&quot;:&quot;&quot;,&quot;sizes&quot;:[]},&quot;_transform_translateX_effect_mobile&quot;:{&quot;unit&quot;:&quot;px&quot;,&quot;size&quot;:&quot;&quot;,&quot;sizes&quot;:[]},&quot;_transform_translateY_effect_tablet&quot;:{&quot;unit&quot;:&quot;px&quot;,&quot;size&quot;:&quot;&quot;,&quot;sizes&quot;:[]},&quot;_transform_translateY_effect_mobile&quot;:{&quot;unit&quot;:&quot;px&quot;,&quot;size&quot;:&quot;&quot;,&quot;sizes&quot;:[]}}\" data-widget_type=\"image.default\">\n\t\t\t\t\t\t\t\t\t\t\t\t\t\t\t<img fetchpriority=\"high\" decoding=\"async\" width=\"2048\" height=\"1284\" src=\"https:\/\/sang-tao-electronics.vn\/wp-content\/uploads\/2023\/11\/IMG_01980-2048x1284.jpg\" class=\"attachment-2048x2048 size-2048x2048 wp-image-1379\" alt=\"\" srcset=\"https:\/\/sang-tao-electronics.vn\/wp-content\/uploads\/2023\/11\/IMG_01980-2048x1284.jpg 2048w, https:\/\/sang-tao-electronics.vn\/wp-content\/uploads\/2023\/11\/IMG_01980-300x188.jpg 300w, https:\/\/sang-tao-electronics.vn\/wp-content\/uploads\/2023\/11\/IMG_01980-1024x642.jpg 1024w, https:\/\/sang-tao-electronics.vn\/wp-content\/uploads\/2023\/11\/IMG_01980-150x94.jpg 150w, https:\/\/sang-tao-electronics.vn\/wp-content\/uploads\/2023\/11\/IMG_01980-768x482.jpg 768w, https:\/\/sang-tao-electronics.vn\/wp-content\/uploads\/2023\/11\/IMG_01980-1536x963.jpg 1536w, https:\/\/sang-tao-electronics.vn\/wp-content\/uploads\/2023\/11\/IMG_01980-1200x752.jpg 1200w\" sizes=\"(max-width: 2048px) 100vw, 2048px\" \/>\t\t\t\t\t\t\t\t\t\t\t\t\t\t\t<\/div>\n\t\t\t\t<\/div>\n\t\t\t\t<div class=\"elementor-element elementor-element-550a599 elementor-widget__width-initial e-transform elementor-widget elementor-widget-text-editor\" data-id=\"550a599\" data-element_type=\"widget\" data-e-type=\"widget\" data-settings=\"{&quot;_transform_translateX_effect&quot;:{&quot;unit&quot;:&quot;px&quot;,&quot;size&quot;:32,&quot;sizes&quot;:[]},&quot;_transform_translateX_effect_tablet&quot;:{&quot;unit&quot;:&quot;px&quot;,&quot;size&quot;:&quot;&quot;,&quot;sizes&quot;:[]},&quot;_transform_translateX_effect_mobile&quot;:{&quot;unit&quot;:&quot;px&quot;,&quot;size&quot;:&quot;&quot;,&quot;sizes&quot;:[]},&quot;_transform_translateY_effect&quot;:{&quot;unit&quot;:&quot;px&quot;,&quot;size&quot;:&quot;&quot;,&quot;sizes&quot;:[]},&quot;_transform_translateY_effect_tablet&quot;:{&quot;unit&quot;:&quot;px&quot;,&quot;size&quot;:&quot;&quot;,&quot;sizes&quot;:[]},&quot;_transform_translateY_effect_mobile&quot;:{&quot;unit&quot;:&quot;px&quot;,&quot;size&quot;:&quot;&quot;,&quot;sizes&quot;:[]}}\" data-widget_type=\"text-editor.default\">\n\t\t\t\t\t\t\t\t\t<p><span style=\"font-weight: bold;\"><span style=\"font-family: Helvetica; font-size: 14pt;\">\u00a0 <span style=\"font-family: Terminal, Monaco; color: #000000;\"> D\u1ecbch v\u1ee5 ti\u00ean ti\u1ebfn m\u00e0 c\u00f4ng ty c\u00f3 th\u1ec3 cung c\u1ea5p hi\u1ec7n \u0111ang r\u1ea5t \u0111\u01b0\u1ee3c \u01b0a chu\u1ed9ng \u1edf c\u00e1c khu c\u00f4ng nghi\u1ec7p l\u1edbn v\u00e0 nh\u00e0 m\u00e1y l\u1edbn. Nh\u00e2n vi\u00ean c\u1ee7a S\u00e1ng T\u1ea1o Electronics cung c\u1ea5p d\u1ecbch v\u1ee5 cho c\u00e1c \u0111\u1ed1i t\u00e1c l\u1edbn nh\u01b0 s\u00e2n bay Luang Prabang, c\u00f4ng ty ADCC, trung t\u00e2m logistics Vi\u00eang Ch\u0103n, c\u1ea3ng V\u0169ng \u00c1ng. S\u00e1ng T\u1ea1o Electronics \u0111\u00e3 \u00e1p d\u1ee5ng th\u00e0nh c\u00f4ng c\u00e1c gi\u1ea3i ph\u00e1p t\u1ea1i C\u1ed9ng h\u00f2a D\u00e2n ch\u1ee7 Nh\u00e2n d\u00e2n L\u00e0o, C\u1ed9ng h\u00f2a Li\u00ean bang Myanmar.<\/span><\/span><\/span><\/p>\t\t\t\t\t\t\t\t<\/div>\n\t\t<div class=\"elementor-element elementor-element-3ba29bc e-con-full e-flex e-con e-child\" data-id=\"3ba29bc\" data-element_type=\"container\" data-e-type=\"container\">\n\t\t<div class=\"elementor-element elementor-element-35c7433 e-con-full e-flex e-con e-child\" data-id=\"35c7433\" data-element_type=\"container\" data-e-type=\"container\">\n\t\t\t\t<div class=\"elementor-element elementor-element-b08e617 elementor-widget__width-inherit e-transform elementor-widget elementor-widget-image\" data-id=\"b08e617\" data-element_type=\"widget\" data-e-type=\"widget\" data-settings=\"{&quot;_transform_translateY_effect&quot;:{&quot;unit&quot;:&quot;px&quot;,&quot;size&quot;:37,&quot;sizes&quot;:[]},&quot;_transform_translateX_effect&quot;:{&quot;unit&quot;:&quot;px&quot;,&quot;size&quot;:&quot;&quot;,&quot;sizes&quot;:[]},&quot;_transform_translateX_effect_tablet&quot;:{&quot;unit&quot;:&quot;px&quot;,&quot;size&quot;:&quot;&quot;,&quot;sizes&quot;:[]},&quot;_transform_translateX_effect_mobile&quot;:{&quot;unit&quot;:&quot;px&quot;,&quot;size&quot;:&quot;&quot;,&quot;sizes&quot;:[]},&quot;_transform_translateY_effect_tablet&quot;:{&quot;unit&quot;:&quot;px&quot;,&quot;size&quot;:&quot;&quot;,&quot;sizes&quot;:[]},&quot;_transform_translateY_effect_mobile&quot;:{&quot;unit&quot;:&quot;px&quot;,&quot;size&quot;:&quot;&quot;,&quot;sizes&quot;:[]}}\" data-widget_type=\"image.default\">\n\t\t\t\t\t\t\t\t\t\t\t\t\t\t\t<img decoding=\"async\" width=\"986\" height=\"1280\" src=\"https:\/\/sang-tao-electronics.vn\/wp-content\/uploads\/2023\/11\/ebc8067d-5d84-4198-b62b-919435ceef2a.jpeg\" class=\"attachment-2048x2048 size-2048x2048 wp-image-1388\" alt=\"\" srcset=\"https:\/\/sang-tao-electronics.vn\/wp-content\/uploads\/2023\/11\/ebc8067d-5d84-4198-b62b-919435ceef2a.jpeg 986w, https:\/\/sang-tao-electronics.vn\/wp-content\/uploads\/2023\/11\/ebc8067d-5d84-4198-b62b-919435ceef2a-231x300.jpeg 231w, https:\/\/sang-tao-electronics.vn\/wp-content\/uploads\/2023\/11\/ebc8067d-5d84-4198-b62b-919435ceef2a-789x1024.jpeg 789w, https:\/\/sang-tao-electronics.vn\/wp-content\/uploads\/2023\/11\/ebc8067d-5d84-4198-b62b-919435ceef2a-116x150.jpeg 116w, https:\/\/sang-tao-electronics.vn\/wp-content\/uploads\/2023\/11\/ebc8067d-5d84-4198-b62b-919435ceef2a-768x997.jpeg 768w\" sizes=\"(max-width: 986px) 100vw, 986px\" \/>\t\t\t\t\t\t\t\t\t\t\t\t\t\t\t<\/div>\n\t\t\t\t<\/div>\n\t\t\t\t<div class=\"elementor-element elementor-element-7d0159f elementor-widget__width-initial e-transform elementor-widget elementor-widget-text-editor\" data-id=\"7d0159f\" data-element_type=\"widget\" data-e-type=\"widget\" data-settings=\"{&quot;_transform_translateX_effect&quot;:{&quot;unit&quot;:&quot;px&quot;,&quot;size&quot;:32,&quot;sizes&quot;:[]},&quot;_transform_translateY_effect&quot;:{&quot;unit&quot;:&quot;px&quot;,&quot;size&quot;:21,&quot;sizes&quot;:[]},&quot;_transform_translateX_effect_tablet&quot;:{&quot;unit&quot;:&quot;px&quot;,&quot;size&quot;:&quot;&quot;,&quot;sizes&quot;:[]},&quot;_transform_translateX_effect_mobile&quot;:{&quot;unit&quot;:&quot;px&quot;,&quot;size&quot;:&quot;&quot;,&quot;sizes&quot;:[]},&quot;_transform_translateY_effect_tablet&quot;:{&quot;unit&quot;:&quot;px&quot;,&quot;size&quot;:&quot;&quot;,&quot;sizes&quot;:[]},&quot;_transform_translateY_effect_mobile&quot;:{&quot;unit&quot;:&quot;px&quot;,&quot;size&quot;:&quot;&quot;,&quot;sizes&quot;:[]}}\" data-widget_type=\"text-editor.default\">\n\t\t\t\t\t\t\t\t\t<p style=\"font-size: 16px; font-style: normal;\"><span style=\"font-weight: bold; font-family: Terminal, Monaco;\"><span style=\"font-size: 14pt;\">\u00a0 <span style=\"color: #000000;\">N\u0103m 2017, c\u00f4ng ty \u0111\u00e3 ho\u00e0n th\u00e0nh xu\u1ea5t s\u1eafc d\u1ef1 \u00e1n hi\u1ec7n \u0111\u1ea1i h\u00f3a h\u1ec7 th\u1ed1ng \u0111i\u1ec1u h\u00e0nh \u0111\u01b0\u1eddng s\u1eaft tr\u00ean \u0111\u1ecba b\u00e0n t\u1ec9nh H\u00e0 Giang<\/span><\/span><\/span><\/p><p style=\"font-size: 16px; font-style: normal;\"><span style=\"font-family: 'Andale Mono', Times; color: #000000;\"><span style=\"font-weight: bold;\"><span style=\"font-size: 14pt;\">\u00a0 N\u0103m 2018, c\u00f4ng ty tham gia tri\u1ec3n khai d\u1ef1 \u00e1n t\u00edch h\u1ee3p h\u1ec7 th\u1ed1ng trao \u0111\u1ed5i d\u1eef li\u1ec7u c\u00e1c trung t\u00e2m v\u1eadn chuy\u1ec3n t\u1ec9nh Qu\u1ea3ng Nam<br \/>N\u0103m 2020, C\u00f4ng ty \u0111\u00e3 th\u1ef1c hi\u1ec7n hi\u1ec7n \u0111\u1ea1i h\u00f3a h\u1ec7 th\u1ed1ng trung t\u00e2m d\u1eef li\u1ec7u t\u1ec9nh B\u00e0 R\u1ecba-V\u0169ng T\u00e0u, d\u1ef1 \u00e1n \u201cB\u00e0 R\u1ecba-V\u0169ng T\u00e0u Telehealth\u201d (n\u1eb1m trong khu\u00f4n kh\u1ed5 D\u1ef1 \u00e1n chung c\u1ee7a B\u1ed9 Y t\u1ebf Vi\u1ec7t Nam \u201cviettel Telehealth\u201d).<br \/><\/span><\/span><\/span><\/p><p><span style=\"font-weight: bold; font-family: 'Andale Mono', Times; color: #000000;\"><span style=\"font-size: 14pt;\">\u00a0 \u00a0N\u0103m 2022, S\u00e1ng T\u1ea1o Electronics nh\u1eadn \u0111\u01b0\u1ee3c l\u1eddi \u0111\u1ec1 ngh\u1ecb tham gia tri\u1ec3n khai d\u1ef1 \u00e1n H\u1ec7 Th\u1ed1ng Th\u00f4ng Tin M\u1eb7t \u0110\u1ea5t S\u00e2n Bay-2030 (HTMS-2030).<\/span><\/span><\/p><p><span style=\"font-family: 'Andale Mono', Times; color: #000000;\"><\/span><\/p><\/div><\/div><\/div><\/div><\/div><\/div> &hellip;<p class=\"ast-the-content-more-link\"> <a class=\"\" href=\"https:\/\/sang-tao-electronics.vn\/?page_id=1000\"> <span class=\"screen-reader-text\">V? ch\u00fang t\u00f4i<\/span>Read More &raquo;<\/a><\/p>","protected":false},"excerpt":{"rendered":"<p>V? ch\u00fang t\u00f4i \u00a0 D?ch v? ti\u00ean ti?n m\u00e0 c\u00f4ng ty c\u00f3 th? cung c?p hi?n ?ang r?t ???c ?a [&hellip;]<\/p>\n","protected":false},"author":241417529,"featured_media":0,"parent":0,"menu_order":0,"comment_status":"closed","ping_status":"closed","template":"elementor_header_footer","meta":{"_crdt_document":"","site-sidebar-layout":"no-sidebar","site-content-layout":"page-builder","ast-site-content-layout":"full-width-container","site-content-style":"default","site-sidebar-style":"default","ast-global-header-display":"","ast-banner-title-visibility":"","ast-main-header-display":"","ast-hfb-above-header-display":"","ast-hfb-below-header-display":"","ast-hfb-mobile-header-display":"","site-post-title":"disabled","ast-breadcrumbs-content":"","ast-featured-img":"disabled","footer-sml-layout":"","theme-transparent-header-meta":"","adv-header-id-meta":"","stick-header-meta":"","header-above-stick-meta":"","header-main-stick-meta":"","header-below-stick-meta":"","astra-migrate-meta-layouts":"set","ast-page-background-enabled":"default","ast-page-background-meta":{"desktop":{"background-color":"var(--ast-global-color-5)","background-image":"","background-repeat":"repeat","background-position":"center center","background-size":"auto","background-attachment":"scroll","background-type":"","background-media":"","overlay-type":"","overlay-color":"","overlay-opacity":"","overlay-gradient":""},"tablet":{"background-color":"","background-image":"","background-repeat":"repeat","background-position":"center center","background-size":"auto","background-attachment":"scroll","background-type":"","background-media":"","overlay-type":"","overlay-color":"","overlay-opacity":"","overlay-gradient":""},"mobile":{"background-color":"","background-image":"","background-repeat":"repeat","background-position":"center center","background-size":"auto","background-attachment":"scroll","background-type":"","background-media":"","overlay-type":"","overlay-color":"","overlay-opacity":"","overlay-gradient":""}},"ast-content-background-meta":{"desktop":{"background-color":"var(--ast-global-color-4)","background-image":"","background-repeat":"repeat","background-position":"center center","background-size":"auto","background-attachment":"scroll","background-type":"","background-media":"","overlay-type":"","overlay-color":"","overlay-opacity":"","overlay-gradient":""},"tablet":{"background-color":"var(--ast-global-color-4)","background-image":"","background-repeat":"repeat","background-position":"center center","background-size":"auto","background-attachment":"scroll","background-type":"","background-media":"","overlay-type":"","overlay-color":"","overlay-opacity":"","overlay-gradient":""},"mobile":{"background-color":"var(--ast-global-color-4)","background-image":"","background-repeat":"repeat","background-position":"center center","background-size":"auto","background-attachment":"scroll","background-type":"","background-media":"","overlay-type":"","overlay-color":"","overlay-opacity":"","overlay-gradient":""}},"footnotes":""},"class_list":["post-1000","page","type-page","status-publish","hentry"],"_links":{"self":[{"href":"https:\/\/sang-tao-electronics.vn\/index.php?rest_route=\/wp\/v2\/pages\/1000","targetHints":{"allow":["GET"]}}],"collection":[{"href":"https:\/\/sang-tao-electronics.vn\/index.php?rest_route=\/wp\/v2\/pages"}],"about":[{"href":"https:\/\/sang-tao-electronics.vn\/index.php?rest_route=\/wp\/v2\/types\/page"}],"author":[{"embeddable":true,"href":"https:\/\/sang-tao-electronics.vn\/index.php?rest_route=\/wp\/v2\/users\/241417529"}],"replies":[{"embeddable":true,"href":"https:\/\/sang-tao-electronics.vn\/index.php?rest_route=%2Fwp%2Fv2%2Fcomments&post=1000"}],"version-history":[{"count":100,"href":"https:\/\/sang-tao-electronics.vn\/index.php?rest_route=\/wp\/v2\/pages\/1000\/revisions"}],"predecessor-version":[{"id":1700,"href":"https:\/\/sang-tao-electronics.vn\/index.php?rest_route=\/wp\/v2\/pages\/1000\/revisions\/1700"}],"wp:attachment":[{"href":"https:\/\/sang-tao-electronics.vn\/index.php?rest_route=%2Fwp%2Fv2%2Fmedia&parent=1000"}],"curies":[{"name":"wp","href":"https:\/\/api.w.org\/{rel}","templated":true}]}}